{"id":2117,"date":"2019-02-25T12:27:27","date_gmt":"2019-02-25T12:27:27","guid":{"rendered":"http:\/\/s770243018.onlinehome.fr\/contacto\/"},"modified":"2019-03-04T13:49:19","modified_gmt":"2019-03-04T13:49:19","slug":"contacto","status":"publish","type":"page","link":"https:\/\/lemontaigu.com\/?page_id=2117&lang=es","title":{"rendered":"Contacto"},"content":{"rendered":"\t\t<div data-elementor-type=\"wp-post\" data-elementor-id=\"2117\" class=\"elementor elementor-2117 elementor-16 elementor-bc-flex-widget\" data-elementor-post-type=\"page\">\n\t\t\t\t\t\t<section class=\"elementor-section elementor-top-section elementor-element elementor-element-52f0f4b elementor-section-boxed elementor-section-height-default elementor-section-height-default\" data-id=\"52f0f4b\" data-element_type=\"section\">\n\t\t\t\t\t\t<div class=\"elementor-container elementor-column-gap-default\">\n\t\t\t\t\t<div class=\"elementor-column elementor-col-100 elementor-top-column elementor-element elementor-element-581983b\" data-id=\"581983b\" data-element_type=\"column\">\n\t\t\t<div class=\"elementor-widget-wrap elementor-element-populated\">\n\t\t\t\t\t\t<div class=\"elementor-element elementor-element-2f4cba4 elementor-widget elementor-widget-text-editor\" data-id=\"2f4cba4\" data-element_type=\"widget\" data-widget_type=\"text-editor.default\">\n\t\t\t\t<div class=\"elementor-widget-container\">\n\t\t\t\t\t\t\t<h4>\u00bfNo est\u00e1s seguro de tu viaje o necesitas m\u00e1s informaci\u00f3n?<\/h4>\n\t\t\t\t\t\t<\/div>\n\t\t\t\t<\/div>\n\t\t\t\t\t<\/div>\n\t\t<\/div>\n\t\t\t\t\t<\/div>\n\t\t<\/section>\n\t\t\t\t<section class=\"elementor-section elementor-top-section elementor-element elementor-element-5a119345 elementor-section-boxed elementor-section-height-default elementor-section-height-default\" data-id=\"5a119345\" data-element_type=\"section\">\n\t\t\t\t\t\t<div class=\"elementor-container elementor-column-gap-default\">\n\t\t\t\t\t<div class=\"elementor-column elementor-col-50 elementor-top-column elementor-element elementor-element-265436ea\" data-id=\"265436ea\" data-element_type=\"column\">\n\t\t\t<div class=\"elementor-widget-wrap elementor-element-populated\">\n\t\t\t\t\t\t<div class=\"elementor-element elementor-element-5421761 elementor-widget elementor-widget-text-editor\" data-id=\"5421761\" data-element_type=\"widget\" data-widget_type=\"text-editor.default\">\n\t\t\t\t<div class=\"elementor-widget-container\">\n\t\t\t\t\t\t\t<p>\u00a1Solo env\u00edenos una nota y le responderemos r\u00e1pidamente!<\/p>\n<p>Si lo prefieres, solo llama a nuestro servicio de reservas <\/p>\n<address><a href=\"tel:+33-562928171\">+33 (0)562928171<\/a><\/address><\/p>\n\t\t\t\t\t\t<\/div>\n\t\t\t\t<\/div>\n\t\t\t\t\t<\/div>\n\t\t<\/div>\n\t\t\t\t<div class=\"elementor-column elementor-col-50 elementor-top-column elementor-element elementor-element-de77a61\" data-id=\"de77a61\" data-element_type=\"column\">\n\t\t\t<div class=\"elementor-widget-wrap\">\n\t\t\t\t\t\t\t<\/div>\n\t\t<\/div>\n\t\t\t\t\t<\/div>\n\t\t<\/section>\n\t\t\t\t<\/div>\n\t\t","protected":false},"excerpt":{"rendered":"<p>\u00bfNo est\u00e1s seguro de tu viaje o necesitas m\u00e1s informaci\u00f3n? \u00a1Solo env\u00edenos una nota y le responderemos r\u00e1pidamente! Si lo prefieres, solo llama a nuestro servicio de reservas +33 (0)562928171<\/p>\n","protected":false},"author":1,"featured_media":0,"parent":0,"menu_order":0,"comment_status":"open","ping_status":"open","template":"template-booking.php","meta":{"footnotes":""},"_links":{"self":[{"href":"https:\/\/lemontaigu.com\/index.php?rest_route=\/wp\/v2\/pages\/2117"}],"collection":[{"href":"https:\/\/lemontaigu.com\/index.php?rest_route=\/wp\/v2\/pages"}],"about":[{"href":"https:\/\/lemontaigu.com\/index.php?rest_route=\/wp\/v2\/types\/page"}],"author":[{"embeddable":true,"href":"https:\/\/lemontaigu.com\/index.php?rest_route=\/wp\/v2\/users\/1"}],"replies":[{"embeddable":true,"href":"https:\/\/lemontaigu.com\/index.php?rest_route=%2Fwp%2Fv2%2Fcomments&post=2117"}],"version-history":[{"count":0,"href":"https:\/\/lemontaigu.com\/index.php?rest_route=\/wp\/v2\/pages\/2117\/revisions"}],"wp:attachment":[{"href":"https:\/\/lemontaigu.com\/index.php?rest_route=%2Fwp%2Fv2%2Fmedia&parent=2117"}],"curies":[{"name":"wp","href":"https:\/\/api.w.org\/{rel}","templated":true}]}}