{"id":818,"date":"2026-03-24T10:22:17","date_gmt":"2026-03-24T10:22:17","guid":{"rendered":"https:\/\/lemontaigu.com\/reservations\/"},"modified":"2026-04-28T18:19:45","modified_gmt":"2026-04-28T18:19:45","slug":"reservations","status":"publish","type":"page","link":"https:\/\/lemontaigu.com\/es\/reservations\/","title":{"rendered":"Reservas"},"content":{"rendered":"<div data-elementor-type=\"wp-page\" data-elementor-id=\"818\" class=\"elementor elementor-818\" data-elementor-post-type=\"page\">\n\t\t\t\t<div class=\"elementor-element elementor-element-rv_hero e-con-full page-hero e-flex e-con e-parent\" data-id=\"rv_hero\" data-element_type=\"container\" data-e-type=\"container\" data-settings=\"{&quot;background_background&quot;:&quot;classic&quot;}\">\n\t\t\t\t<div class=\"elementor-element elementor-element-rv_h1 elementor-widget elementor-widget-heading\" data-id=\"rv_h1\" data-element_type=\"widget\" data-e-type=\"widget\" data-widget_type=\"heading.default\">\n\t\t\t\t\t<h1 class=\"elementor-heading-title elementor-size-default\">Reservar mesa<\/h1>\t\t\t\t<\/div>\n\t\t\t\t<div class=\"elementor-element elementor-element-rv_sub elementor-widget__width-inherit elementor-widget elementor-widget-text-editor\" data-id=\"rv_sub\" data-element_type=\"widget\" data-e-type=\"widget\" data-widget_type=\"text-editor.default\">\n\t\t\t\t\t\t\t\t\t<p style=\"text-align: center; color: #666; max-width: 600px; margin: 0 auto;\">R\u00e9servez votre table au restaurant de l\u2019H\u00f4tel Le Montaigu. Ouvert aux r\u00e9sidents et visiteurs ext\u00e9rieurs.<\/p>\t\t\t\t\t\t\t\t<\/div>\n\t\t\t\t<\/div>\n\t\t<div class=\"elementor-element elementor-element-rv_body e-flex e-con-boxed e-con e-parent\" data-id=\"rv_body\" data-element_type=\"container\" data-e-type=\"container\">\n\t\t\t\t\t<div class=\"e-con-inner\">\n\t\t<div class=\"elementor-element elementor-element-rv_form e-con-full e-flex e-con e-child\" data-id=\"rv_form\" data-element_type=\"container\" data-e-type=\"container\">\n\t\t\t\t<div class=\"elementor-element elementor-element-rv_form_sc elementor-widget elementor-widget-shortcode\" data-id=\"rv_form_sc\" data-element_type=\"widget\" data-e-type=\"widget\" data-widget_type=\"shortcode.default\">\n\t\t\t\t\t\t\t<div class=\"elementor-shortcode\">\n\t<script type=\"text\/javascript\">\n        var ajaxurl = 'https:\/\/lemontaigu.com\/wp-admin\/admin-ajax.php';\n    <\/script>\n\n    <style>#rtb-time_root .picker__list .picker__list-item.picker__list-item--disabled { display: none; }<\/style>\n    \n<div class=\"rtb-booking-form\">\n\t\n\t\n\t\n\t\n\t<form method=\"POST\" action=\"\" class=\"rtb-booking-form-form\" data-trp-original-action=\"\">\n\t\t<input type=\"hidden\" name=\"action\" value=\"booking_request\">\n\n\t\t\n\t\t\n\t\t\n\t\t\t\t<fieldset class=\"reservation\">\n\n\t\t\t\t\t\t<legend >\n\t\t\t\tReservar Mesa\t\t\t<\/legend>\n\t\t\t\n\t\t\t\n\t<div class=\"rtb-text date\">\n\t\t\t\t<label for=\"rtb-date\">\n\t\t\tFecha\t\t<\/label>\n\t\t<input type=\"text\" name=\"rtb-date\" id=\"rtb-date\" value=\"\" required aria-required=\"true\">\n\t<\/div>\n\n\t\n\t<div class=\"rtb-text time\">\n\t\t\t\t<label for=\"rtb-time\">\n\t\t\tHora\t\t<\/label>\n\t\t<input type=\"text\" name=\"rtb-time\" id=\"rtb-time\" value=\"\" required aria-required=\"true\">\n\t<\/div>\n\n\t\n\t<div class=\"rtb-select party\">\n\t\t\t\t<label for=\"rtb-party\">\n\t\t\tComensales\t\t<\/label>\n\t\t<select name=\"rtb-party\" id=\"rtb-party\" required aria-required=\"true\"  data-selected=\"\">\n\t\t\t\t\t\t\t\t\t<option value=\"1\" >1<\/option>\n\t\t\t\t\t\t<option value=\"2\" >2<\/option>\n\t\t\t\t\t\t<option value=\"3\" >3<\/option>\n\t\t\t\t\t\t<option value=\"4\" >4<\/option>\n\t\t\t\t\t\t<option value=\"5\" >5<\/option>\n\t\t\t\t\t\t<option value=\"6\" >6<\/option>\n\t\t\t\t\t\t<option value=\"7\" >7<\/option>\n\t\t\t\t\t\t<option value=\"8\" >8<\/option>\n\t\t\t\t\t\t<option value=\"9\" >9<\/option>\n\t\t\t\t\t\t<option value=\"10\" >10<\/option>\n\t\t\t\t\t\t<option value=\"11\" >11<\/option>\n\t\t\t\t\t\t<option value=\"12\" >12<\/option>\n\t\t\t\t\t\t<option value=\"13\" >13<\/option>\n\t\t\t\t\t\t<option value=\"14\" >14<\/option>\n\t\t\t\t\t\t<option value=\"15\" >15<\/option>\n\t\t\t\t\t\t<option value=\"16\" >16<\/option>\n\t\t\t\t\t\t<option value=\"17\" >17<\/option>\n\t\t\t\t\t\t<option value=\"18\" >18<\/option>\n\t\t\t\t\t\t<option value=\"19\" >19<\/option>\n\t\t\t\t\t\t<option value=\"20\" >20<\/option>\n\t\t\t\t\t\t<option value=\"21\" >21<\/option>\n\t\t\t\t\t\t<option value=\"22\" >22<\/option>\n\t\t\t\t\t\t<option value=\"23\" >23<\/option>\n\t\t\t\t\t\t<option value=\"24\" >24<\/option>\n\t\t\t\t\t\t<option value=\"25\" >25<\/option>\n\t\t\t\t\t\t<option value=\"26\" >26<\/option>\n\t\t\t\t\t\t<option value=\"27\" >27<\/option>\n\t\t\t\t\t\t<option value=\"28\" >28<\/option>\n\t\t\t\t\t\t<option value=\"29\" >29<\/option>\n\t\t\t\t\t\t<option value=\"30\" >30<\/option>\n\t\t\t\t\t\t<option value=\"31\" >31<\/option>\n\t\t\t\t\t\t<option value=\"32\" >32<\/option>\n\t\t\t\t\t\t<option value=\"33\" >33<\/option>\n\t\t\t\t\t\t<option value=\"34\" >34<\/option>\n\t\t\t\t\t\t<option value=\"35\" >35<\/option>\n\t\t\t\t\t\t<option value=\"36\" >36<\/option>\n\t\t\t\t\t\t<option value=\"37\" >37<\/option>\n\t\t\t\t\t\t<option value=\"38\" >38<\/option>\n\t\t\t\t\t\t<option value=\"39\" >39<\/option>\n\t\t\t\t\t\t<option value=\"40\" >40<\/option>\n\t\t\t\t\t\t<option value=\"41\" >41<\/option>\n\t\t\t\t\t\t<option value=\"42\" >42<\/option>\n\t\t\t\t\t\t<option value=\"43\" >43<\/option>\n\t\t\t\t\t\t<option value=\"44\" >44<\/option>\n\t\t\t\t\t\t<option value=\"45\" >45<\/option>\n\t\t\t\t\t\t<option value=\"46\" >46<\/option>\n\t\t\t\t\t\t<option value=\"47\" >47<\/option>\n\t\t\t\t\t\t<option value=\"48\" >48<\/option>\n\t\t\t\t\t\t<option value=\"49\" >49<\/option>\n\t\t\t\t\t\t<option value=\"50\" >50<\/option>\n\t\t\t\t\t\t<option value=\"51\" >51<\/option>\n\t\t\t\t\t\t<option value=\"52\" >52<\/option>\n\t\t\t\t\t\t<option value=\"53\" >53<\/option>\n\t\t\t\t\t\t<option value=\"54\" >54<\/option>\n\t\t\t\t\t\t<option value=\"55\" >55<\/option>\n\t\t\t\t\t\t<option value=\"56\" >56<\/option>\n\t\t\t\t\t\t<option value=\"57\" >57<\/option>\n\t\t\t\t\t\t<option value=\"58\" >58<\/option>\n\t\t\t\t\t\t<option value=\"59\" >59<\/option>\n\t\t\t\t\t\t<option value=\"60\" >60<\/option>\n\t\t\t\t\t\t<option value=\"61\" >61<\/option>\n\t\t\t\t\t\t<option value=\"62\" >62<\/option>\n\t\t\t\t\t\t<option value=\"63\" >63<\/option>\n\t\t\t\t\t\t<option value=\"64\" >64<\/option>\n\t\t\t\t\t\t<option value=\"65\" >65<\/option>\n\t\t\t\t\t\t<option value=\"66\" >66<\/option>\n\t\t\t\t\t\t<option value=\"67\" >67<\/option>\n\t\t\t\t\t\t<option value=\"68\" >68<\/option>\n\t\t\t\t\t\t<option value=\"69\" >69<\/option>\n\t\t\t\t\t\t<option value=\"70\" >70<\/option>\n\t\t\t\t\t\t<option value=\"71\" >71<\/option>\n\t\t\t\t\t\t<option value=\"72\" >72<\/option>\n\t\t\t\t\t\t<option value=\"73\" >73<\/option>\n\t\t\t\t\t\t<option value=\"74\" >74<\/option>\n\t\t\t\t\t\t<option value=\"75\" >75<\/option>\n\t\t\t\t\t\t<option value=\"76\" >76<\/option>\n\t\t\t\t\t\t<option value=\"77\" >77<\/option>\n\t\t\t\t\t\t<option value=\"78\" >78<\/option>\n\t\t\t\t\t\t<option value=\"79\" >79<\/option>\n\t\t\t\t\t\t<option value=\"80\" >80<\/option>\n\t\t\t\t\t\t<option value=\"81\" >81<\/option>\n\t\t\t\t\t\t<option value=\"82\" >82<\/option>\n\t\t\t\t\t\t<option value=\"83\" >83<\/option>\n\t\t\t\t\t\t<option value=\"84\" >84<\/option>\n\t\t\t\t\t\t<option value=\"85\" >85<\/option>\n\t\t\t\t\t\t<option value=\"86\" >86<\/option>\n\t\t\t\t\t\t<option value=\"87\" >87<\/option>\n\t\t\t\t\t\t<option value=\"88\" >88<\/option>\n\t\t\t\t\t\t<option value=\"89\" >89<\/option>\n\t\t\t\t\t\t<option value=\"90\" >90<\/option>\n\t\t\t\t\t\t<option value=\"91\" >91<\/option>\n\t\t\t\t\t\t<option value=\"92\" >92<\/option>\n\t\t\t\t\t\t<option value=\"93\" >93<\/option>\n\t\t\t\t\t\t<option value=\"94\" >94<\/option>\n\t\t\t\t\t\t<option value=\"95\" >95<\/option>\n\t\t\t\t\t\t<option value=\"96\" >96<\/option>\n\t\t\t\t\t\t<option value=\"97\" >97<\/option>\n\t\t\t\t\t\t<option value=\"98\" >98<\/option>\n\t\t\t\t\t\t<option value=\"99\" >99<\/option>\n\t\t\t\t\t\t<option value=\"100\" >100<\/option>\n\t\t\t\t\t<\/select>\n\t<\/div>\n\n\t\t\t<\/fieldset>\n\t\t\t\t<fieldset class=\"rtb-contact\">\n\n\t\t\t\t\t\t<legend >\n\t\t\t\tDatos de contacto\t\t\t<\/legend>\n\t\t\t\n\t\t\t\n\t<div class=\"rtb-text name\">\n\t\t\t\t<label for=\"rtb-name\">\n\t\t\tNombre\t\t<\/label>\n\t\t<input type=\"text\" name=\"rtb-name\" id=\"rtb-name\" value=\"\" required aria-required=\"true\">\n\t<\/div>\n\n\t\n\t<div class=\"rtb-text email\">\n\t\t\t\t<label for=\"rtb-email\">\n\t\t\tCorreo electr\u00f3nico\t\t<\/label>\n\t\t<input type=\"email\" name=\"rtb-email\" id=\"rtb-email\" value=\"\" required aria-required=\"true\">\n\t<\/div>\n\n\t\n\t<div class=\"rtb-text phone\">\n\t\t\t\t<label for=\"rtb-phone\">\n\t\t\tTel\u00e9fono\t\t<\/label>\n\t\t<input type=\"tel\" name=\"rtb-phone\" id=\"rtb-phone\" value=\"\">\n\t<\/div>\n\n\t\n\t<div class=\"add-message\">\n\t\t<a href=\"#\">\n\t\t\tPULSE AQU\u00cd PARA A\u00d1ADIR UN MENSAJE U OBSERVACI\u00d3N\t\t<\/a>\n\t<\/div>\n\n\t\n\t<div class=\"rtb-textarea message\">\n\t\t\t\t<label for=\"rtb-message\">\n\t\t\tMensaje para a\u00f1adir a tu reserva\t\t<\/label>\n\t\t<textarea name=\"rtb-message\" id=\"rtb-message\"><\/textarea>\n\t<\/div>\n\n\t\t\t<\/fieldset>\n\t\t\n\t\t\n\t\t<fieldset class=\"rtb-form-footer\">\n\t\t\t<div id='rtb_recaptcha'><\/div>\n\t\t\t\n\t\t\t<div class=\"rtb-form-submit\"><button type=\"submit\">Solicitar Reserva<\/button><\/div>\t\t<\/fieldset>\n\n\n\t<input type=\"hidden\" name=\"trp-form-language\" value=\"es\"\/><\/form>\n\n\t\n\t\n\t<\/div>\n\n\t<\/div>\n\t\t\t\t\t\t<\/div>\n\t\t\t\t<\/div>\n\t\t<div class=\"elementor-element elementor-element-rv_info e-con-full e-flex e-con e-child\" data-id=\"rv_info\" data-element_type=\"container\" data-e-type=\"container\">\n\t\t\t\t<div class=\"elementor-element elementor-element-rv_info_h elementor-widget elementor-widget-heading\" data-id=\"rv_info_h\" data-element_type=\"widget\" data-e-type=\"widget\" data-widget_type=\"heading.default\">\n\t\t\t\t\t<h2 class=\"elementor-heading-title elementor-size-default\">Informaci\u00f3n pr\u00e1ctica<\/h2>\t\t\t\t<\/div>\n\t\t\t\t<div class=\"elementor-element elementor-element-rv_info_txt elementor-widget elementor-widget-text-editor\" data-id=\"rv_info_txt\" data-element_type=\"widget\" data-e-type=\"widget\" data-widget_type=\"text-editor.default\">\n\t\t\t\t\t\t\t\t\t<p><strong>Horarios del restaurante<\/strong><\/p><p>\ud83c\udf74 D\u00eener : 19h30 \u2013 21h00<\/p><p>\u2615 Desayuno: 7:30\/8:00 \u2013 10:00<\/p><p><strong>Contacto<\/strong><\/p><p>\ud83d\udcde <a href=\"tel:+33562928171\">05 62 92 81 71<\/a><br \/>\u2709\ufe0f <a href=\"mailto:info@lemontaigu.com\">info@lemontaigu.com<\/a><\/p><p><strong>Direcci\u00f3n<\/strong><\/p><p>H\u00f4tel Le Montaigu<br \/>9 route de Vizos\u00a0<br \/>65120\u00a0<span style=\"font-size: 1rem;\">Esqui\u00e8ze-S\u00e8re &#8211;\u00a0<\/span><span style=\"font-size: 1rem;\">Luz-Saint-Sauveur<\/span><\/p>\t\t\t\t\t\t\t\t<\/div>\n\t\t\t\t<\/div>\n\t\t\t\t\t<\/div>\n\t\t\t\t<\/div>\n\t\t<div class=\"elementor-element elementor-element-265acb1 e-flex e-con-boxed e-con e-parent\" data-id=\"265acb1\" data-element_type=\"container\" data-e-type=\"container\">\n\t\t\t\t\t<div class=\"e-con-inner\">\n\t\t\t\t\t<\/div>\n\t\t\t\t<\/div>\n\t\t\t\t<\/div>","protected":false},"excerpt":{"rendered":"<p>R\u00e9server une table R\u00e9servez votre table au restaurant de l\u2019H\u00f4tel Le Montaigu. Ouvert aux r\u00e9sidents et visiteurs ext\u00e9rieurs. Informations pratiques Horaires du restaurant \ud83c\udf74 D\u00eener : 19h30 \u2013 21h00 \u2615 Petit-d\u00e9jeuner : 7h30\/8h00 \u2013 10h00 Contact \ud83d\udcde 05 62 92 81 71\u2709\ufe0f info@lemontaigu.com Adresse H\u00f4tel Le Montaigu9 route de Vizos\u00a065120\u00a0Esqui\u00e8ze-S\u00e8re &#8211;\u00a0Luz-Saint-Sauveur<\/p>","protected":false},"author":0,"featured_media":0,"parent":0,"menu_order":0,"comment_status":"closed","ping_status":"closed","template":"elementor_header_footer","meta":{"_acf_changed":false,"footnotes":""},"class_list":["post-818","page","type-page","status-publish","hentry"],"acf":[],"yoast_head":"<!-- This site is optimized with the Yoast SEO plugin v27.4 - https:\/\/yoast.com\/product\/yoast-seo-wordpress\/ -->\n<title>R\u00e9server une table \u2014 Restaurant Le Montaigu<\/title>\n<meta name=\"description\" content=\"R\u00e9servez votre table au restaurant Le Montaigu \u00e0 Luz-Saint-Sauveur. D\u00eener servi de 19h30 \u00e0 21h. R\u00e9servation recommand\u00e9e en haute saison.\" \/>\n<meta name=\"robots\" content=\"index, follow, max-snippet:-1, max-image-preview:large, max-video-preview:-1\" \/>\n<link rel=\"canonical\" href=\"https:\/\/lemontaigu.com\/es\/reservations\/\" \/>\n<meta property=\"og:locale\" content=\"es_ES\" \/>\n<meta property=\"og:type\" content=\"article\" \/>\n<meta property=\"og:title\" content=\"R\u00e9server une table \u2014 Restaurant Le Montaigu\" \/>\n<meta property=\"og:description\" content=\"R\u00e9servez votre table au restaurant Le Montaigu \u00e0 Luz-Saint-Sauveur. D\u00eener servi de 19h30 \u00e0 21h. R\u00e9servation recommand\u00e9e en haute saison.\" \/>\n<meta property=\"og:url\" content=\"https:\/\/lemontaigu.com\/es\/reservations\/\" \/>\n<meta property=\"og:site_name\" content=\"Le Montaigu Hotel*** Restaurant Bar\" \/>\n<meta property=\"article:publisher\" content=\"https:\/\/www.facebook.com\/hotelmontaigu\" \/>\n<meta property=\"article:modified_time\" content=\"2026-04-28T18:19:45+00:00\" \/>\n<meta property=\"og:image\" content=\"https:\/\/lemontaigu.com\/wp-content\/themes\/hello-elementor-child\/images\/header-bg.png\" \/>\n<meta name=\"twitter:card\" content=\"summary_large_image\" \/>\n<meta name=\"twitter:label1\" content=\"Tiempo de lectura\" \/>\n\t<meta name=\"twitter:data1\" content=\"1 minuto\" \/>\n<script type=\"application\/ld+json\" class=\"yoast-schema-graph\">{\"@context\":\"https:\\\/\\\/schema.org\",\"@graph\":[{\"@type\":\"WebPage\",\"@id\":\"https:\\\/\\\/lemontaigu.com\\\/reservations\\\/\",\"url\":\"https:\\\/\\\/lemontaigu.com\\\/reservations\\\/\",\"name\":\"R\u00e9server une table \u2014 Restaurant Le Montaigu\",\"isPartOf\":{\"@id\":\"https:\\\/\\\/lemontaigu.com\\\/#website\"},\"datePublished\":\"2026-03-24T10:22:17+00:00\",\"dateModified\":\"2026-04-28T18:19:45+00:00\",\"description\":\"R\u00e9servez votre table au restaurant Le Montaigu \u00e0 Luz-Saint-Sauveur. D\u00eener servi de 19h30 \u00e0 21h. R\u00e9servation recommand\u00e9e en haute saison.\",\"breadcrumb\":{\"@id\":\"https:\\\/\\\/lemontaigu.com\\\/reservations\\\/#breadcrumb\"},\"inLanguage\":\"es\",\"potentialAction\":[{\"@type\":\"ReadAction\",\"target\":[\"https:\\\/\\\/lemontaigu.com\\\/reservations\\\/\"]}]},{\"@type\":\"BreadcrumbList\",\"@id\":\"https:\\\/\\\/lemontaigu.com\\\/reservations\\\/#breadcrumb\",\"itemListElement\":[{\"@type\":\"ListItem\",\"position\":1,\"name\":\"Home\",\"item\":\"https:\\\/\\\/lemontaigu.com\\\/\"},{\"@type\":\"ListItem\",\"position\":2,\"name\":\"R\u00e9servations\"}]},{\"@type\":\"WebSite\",\"@id\":\"https:\\\/\\\/lemontaigu.com\\\/#website\",\"url\":\"https:\\\/\\\/lemontaigu.com\\\/\",\"name\":\"Le Montaigu H\u00f4tel Restaurant Bar\",\"description\":\"\",\"publisher\":{\"@id\":\"https:\\\/\\\/lemontaigu.com\\\/#organization\"},\"potentialAction\":[{\"@type\":\"SearchAction\",\"target\":{\"@type\":\"EntryPoint\",\"urlTemplate\":\"https:\\\/\\\/lemontaigu.com\\\/?s={search_term_string}\"},\"query-input\":{\"@type\":\"PropertyValueSpecification\",\"valueRequired\":true,\"valueName\":\"search_term_string\"}}],\"inLanguage\":\"es\"},{\"@type\":\"Organization\",\"@id\":\"https:\\\/\\\/lemontaigu.com\\\/#organization\",\"name\":\"LE MONTAIGU HOTELS ET RESORTS\",\"url\":\"https:\\\/\\\/lemontaigu.com\\\/\",\"logo\":{\"@type\":\"ImageObject\",\"inLanguage\":\"es\",\"@id\":\"https:\\\/\\\/lemontaigu.com\\\/#\\\/schema\\\/logo\\\/image\\\/\",\"url\":\"https:\\\/\\\/lemontaigu.com\\\/wp-content\\\/uploads\\\/2026\\\/04\\\/logo-1.png\",\"contentUrl\":\"https:\\\/\\\/lemontaigu.com\\\/wp-content\\\/uploads\\\/2026\\\/04\\\/logo-1.png\",\"width\":398,\"height\":192,\"caption\":\"LE MONTAIGU HOTELS ET RESORTS\"},\"image\":{\"@id\":\"https:\\\/\\\/lemontaigu.com\\\/#\\\/schema\\\/logo\\\/image\\\/\"},\"sameAs\":[\"https:\\\/\\\/www.facebook.com\\\/hotelmontaigu\"]}]}<\/script>\n<!-- \/ Yoast SEO plugin. -->","yoast_head_json":{"title":"R\u00e9server une table \u2014 Restaurant Le Montaigu","description":"R\u00e9servez votre table au restaurant Le Montaigu \u00e0 Luz-Saint-Sauveur. D\u00eener servi de 19h30 \u00e0 21h. R\u00e9servation recommand\u00e9e en haute saison.","robots":{"index":"index","follow":"follow","max-snippet":"max-snippet:-1","max-image-preview":"max-image-preview:large","max-video-preview":"max-video-preview:-1"},"canonical":"https:\/\/lemontaigu.com\/es\/reservations\/","og_locale":"es_ES","og_type":"article","og_title":"R\u00e9server une table \u2014 Restaurant Le Montaigu","og_description":"R\u00e9servez votre table au restaurant Le Montaigu \u00e0 Luz-Saint-Sauveur. D\u00eener servi de 19h30 \u00e0 21h. R\u00e9servation recommand\u00e9e en haute saison.","og_url":"https:\/\/lemontaigu.com\/es\/reservations\/","og_site_name":"Le Montaigu Hotel*** Restaurant Bar","article_publisher":"https:\/\/www.facebook.com\/hotelmontaigu","article_modified_time":"2026-04-28T18:19:45+00:00","og_image":[{"url":"https:\/\/lemontaigu.com\/wp-content\/themes\/hello-elementor-child\/images\/header-bg.png","type":"","width":"","height":""}],"twitter_card":"summary_large_image","twitter_misc":{"Tiempo de lectura":"1 minuto"},"schema":{"@context":"https:\/\/schema.org","@graph":[{"@type":"WebPage","@id":"https:\/\/lemontaigu.com\/reservations\/","url":"https:\/\/lemontaigu.com\/reservations\/","name":"R\u00e9server une table \u2014 Restaurant Le Montaigu","isPartOf":{"@id":"https:\/\/lemontaigu.com\/#website"},"datePublished":"2026-03-24T10:22:17+00:00","dateModified":"2026-04-28T18:19:45+00:00","description":"R\u00e9servez votre table au restaurant Le Montaigu \u00e0 Luz-Saint-Sauveur. D\u00eener servi de 19h30 \u00e0 21h. R\u00e9servation recommand\u00e9e en haute saison.","breadcrumb":{"@id":"https:\/\/lemontaigu.com\/reservations\/#breadcrumb"},"inLanguage":"es","potentialAction":[{"@type":"ReadAction","target":["https:\/\/lemontaigu.com\/reservations\/"]}]},{"@type":"BreadcrumbList","@id":"https:\/\/lemontaigu.com\/reservations\/#breadcrumb","itemListElement":[{"@type":"ListItem","position":1,"name":"Home","item":"https:\/\/lemontaigu.com\/"},{"@type":"ListItem","position":2,"name":"R\u00e9servations"}]},{"@type":"WebSite","@id":"https:\/\/lemontaigu.com\/#website","url":"https:\/\/lemontaigu.com\/","name":"Le Montaigu H\u00f4tel Restaurant Bar","description":"","publisher":{"@id":"https:\/\/lemontaigu.com\/#organization"},"potentialAction":[{"@type":"SearchAction","target":{"@type":"EntryPoint","urlTemplate":"https:\/\/lemontaigu.com\/?s={search_term_string}"},"query-input":{"@type":"PropertyValueSpecification","valueRequired":true,"valueName":"search_term_string"}}],"inLanguage":"es"},{"@type":"Organization","@id":"https:\/\/lemontaigu.com\/#organization","name":"LE MONTAIGU HOTELS ET RESORTS","url":"https:\/\/lemontaigu.com\/","logo":{"@type":"ImageObject","inLanguage":"es","@id":"https:\/\/lemontaigu.com\/#\/schema\/logo\/image\/","url":"https:\/\/lemontaigu.com\/wp-content\/uploads\/2026\/04\/logo-1.png","contentUrl":"https:\/\/lemontaigu.com\/wp-content\/uploads\/2026\/04\/logo-1.png","width":398,"height":192,"caption":"LE MONTAIGU HOTELS ET RESORTS"},"image":{"@id":"https:\/\/lemontaigu.com\/#\/schema\/logo\/image\/"},"sameAs":["https:\/\/www.facebook.com\/hotelmontaigu"]}]}},"_links":{"self":[{"href":"https:\/\/lemontaigu.com\/es\/wp-json\/wp\/v2\/pages\/818","targetHints":{"allow":["GET"]}}],"collection":[{"href":"https:\/\/lemontaigu.com\/es\/wp-json\/wp\/v2\/pages"}],"about":[{"href":"https:\/\/lemontaigu.com\/es\/wp-json\/wp\/v2\/types\/page"}],"replies":[{"embeddable":true,"href":"https:\/\/lemontaigu.com\/es\/wp-json\/wp\/v2\/comments?post=818"}],"version-history":[{"count":0,"href":"https:\/\/lemontaigu.com\/es\/wp-json\/wp\/v2\/pages\/818\/revisions"}],"wp:attachment":[{"href":"https:\/\/lemontaigu.com\/es\/wp-json\/wp\/v2\/media?parent=818"}],"curies":[{"name":"wp","href":"https:\/\/api.w.org\/{rel}","templated":true}]}}