{"id":3167,"date":"2026-04-23T19:11:36","date_gmt":"2026-04-23T19:11:36","guid":{"rendered":"https:\/\/lemontaigu.com\/chambres-grid\/"},"modified":"2026-04-28T20:50:34","modified_gmt":"2026-04-28T20:50:34","slug":"rooms","status":"publish","type":"page","link":"https:\/\/lemontaigu.com\/en\/chambres\/","title":{"rendered":"Rooms"},"content":{"rendered":"<div data-elementor-type=\"wp-page\" data-elementor-id=\"3167\" class=\"elementor elementor-3167\" data-elementor-post-type=\"page\">\n\t\t\t\t<div class=\"elementor-element elementor-element-ada335e e-con-full page-hero e-flex e-con e-parent\" data-id=\"ada335e\" data-element_type=\"container\" data-e-type=\"container\" data-settings=\"{&quot;background_background&quot;:&quot;classic&quot;}\">\n\t\t\t\t<\/div>\n\t\t<div class=\"elementor-element elementor-element-974ebf9 e-flex e-con-boxed e-con e-parent\" data-id=\"974ebf9\" data-element_type=\"container\" data-e-type=\"container\">\n\t\t\t\t\t<div class=\"e-con-inner\">\n\t\t\t\t<div class=\"elementor-element elementor-element-cf71b72 elementor-widget elementor-widget-heading\" data-id=\"cf71b72\" data-element_type=\"widget\" data-e-type=\"widget\" data-widget_type=\"heading.default\">\n\t\t\t\t\t<h2 class=\"elementor-heading-title elementor-size-default\">Nos Chambres<\/h2>\t\t\t\t<\/div>\n\t\t\t\t\t<\/div>\n\t\t\t\t<\/div>\n\t\t<div class=\"elementor-element elementor-element-ch00003 e-flex e-con-boxed e-con e-parent\" data-id=\"ch00003\" data-element_type=\"container\" data-e-type=\"container\">\n\t\t\t\t\t<div class=\"e-con-inner\">\n\t\t\t\t<div class=\"elementor-element elementor-element-ch00004 elementor-widget elementor-widget-shortcode\" data-id=\"ch00004\" data-element_type=\"widget\" data-e-type=\"widget\" data-widget_type=\"shortcode.default\">\n\t\t\t\t\t\t\t<div class=\"elementor-shortcode\">    <div class=\"rooms-grid\">\n                    <article id=\"post-85\" class=\"room-card post-85 hotel_room type-hotel_room status-publish has-post-thumbnail hentry\">\n                <a href=\"https:\/\/lemontaigu.com\/en\/chambres\/chambre-double-superieure-balcon\/\" class=\"room-card__image-link\">\n                    <img decoding=\"async\" width=\"768\" height=\"512\" data-src=\"https:\/\/lemontaigu.com\/wp-content\/uploads\/2026\/03\/room-double-superior-balcony-768x512.jpg\" class=\"attachment-medium_large size-medium_large wp-post-image lazyload\" alt=\"Superior Double Room with Balcony\" data-srcset=\"https:\/\/lemontaigu.com\/wp-content\/uploads\/2026\/03\/room-double-superior-balcony-768x512.jpg 768w, https:\/\/lemontaigu.com\/wp-content\/uploads\/2026\/03\/room-double-superior-balcony-300x200.jpg 300w, https:\/\/lemontaigu.com\/wp-content\/uploads\/2026\/03\/room-double-superior-balcony-1024x683.jpg 1024w, https:\/\/lemontaigu.com\/wp-content\/uploads\/2026\/03\/room-double-superior-balcony-200x133.jpg 200w, https:\/\/lemontaigu.com\/wp-content\/uploads\/2026\/03\/room-double-superior-balcony-1536x1024.jpg 1536w, https:\/\/lemontaigu.com\/wp-content\/uploads\/2026\/03\/room-double-superior-balcony-scaled.jpg 2048w, https:\/\/lemontaigu.com\/wp-content\/uploads\/2026\/03\/room-double-superior-balcony-18x12.jpg 18w\" data-sizes=\"auto\" src=\"data:image\/svg+xml;base64,PHN2ZyB3aWR0aD0iMSIgaGVpZ2h0PSIxIiB4bWxucz0iaHR0cDovL3d3dy53My5vcmcvMjAwMC9zdmciPjwvc3ZnPg==\" style=\"--smush-placeholder-width: 768px; --smush-placeholder-aspect-ratio: 768\/512;\" data-original-sizes=\"auto, (max-width: 768px) 100vw, 768px\" \/>                <\/a>\n                <div class=\"room-card__body\">\n                    <h2 class=\"room-card__title\">\n                        <a href=\"https:\/\/lemontaigu.com\/en\/chambres\/chambre-double-superieure-balcon\/\">Superior Double Room with Balcony<\/a>\n                    <\/h2>\n                                            <p class=\"room-card__price\">from \u20ac85\/night<\/p>\n                                        <a href=\"#\" class=\"ibe hotel-btn-primary\" data-widget=\"overlay\"\n                       aria-label=\"R\u00e9server la chambre : Chambre Double Sup\u00e9rieure avec Balcon\">\n                        Book Now                    <\/a>\n                <\/div>\n            <\/article>\n                    <article id=\"post-825\" class=\"room-card post-825 hotel_room type-hotel_room status-publish has-post-thumbnail hentry\">\n                <a href=\"https:\/\/lemontaigu.com\/en\/chambres\/chambre-double-standard\/\" class=\"room-card__image-link\">\n                    <img decoding=\"async\" width=\"768\" height=\"512\" data-src=\"https:\/\/lemontaigu.com\/wp-content\/uploads\/2026\/03\/room-double_6240x4160-768x512.jpg\" class=\"attachment-medium_large size-medium_large wp-post-image lazyload\" alt=\"\" data-srcset=\"https:\/\/lemontaigu.com\/wp-content\/uploads\/2026\/03\/room-double_6240x4160-768x512.jpg 768w, https:\/\/lemontaigu.com\/wp-content\/uploads\/2026\/03\/room-double_6240x4160-300x200.jpg 300w, https:\/\/lemontaigu.com\/wp-content\/uploads\/2026\/03\/room-double_6240x4160-1024x683.jpg 1024w, https:\/\/lemontaigu.com\/wp-content\/uploads\/2026\/03\/room-double_6240x4160-200x133.jpg 200w, https:\/\/lemontaigu.com\/wp-content\/uploads\/2026\/03\/room-double_6240x4160-1536x1024.jpg 1536w, https:\/\/lemontaigu.com\/wp-content\/uploads\/2026\/03\/room-double_6240x4160-scaled.jpg 2048w, https:\/\/lemontaigu.com\/wp-content\/uploads\/2026\/03\/room-double_6240x4160-18x12.jpg 18w\" data-sizes=\"auto\" src=\"data:image\/svg+xml;base64,PHN2ZyB3aWR0aD0iMSIgaGVpZ2h0PSIxIiB4bWxucz0iaHR0cDovL3d3dy53My5vcmcvMjAwMC9zdmciPjwvc3ZnPg==\" style=\"--smush-placeholder-width: 768px; --smush-placeholder-aspect-ratio: 768\/512;\" data-original-sizes=\"auto, (max-width: 768px) 100vw, 768px\" \/>                <\/a>\n                <div class=\"room-card__body\">\n                    <h2 class=\"room-card__title\">\n                        <a href=\"https:\/\/lemontaigu.com\/en\/chambres\/chambre-double-standard\/\">Double or Twin Room<\/a>\n                    <\/h2>\n                                            <p class=\"room-card__price\">From \u20ac75\/night<\/p>\n                                        <a href=\"#\" class=\"ibe hotel-btn-primary\" data-widget=\"overlay\"\n                       aria-label=\"R\u00e9server la chambre : Chambre Double ou Twin\">\n                        Book Now                    <\/a>\n                <\/div>\n            <\/article>\n                    <article id=\"post-86\" class=\"room-card post-86 hotel_room type-hotel_room status-publish has-post-thumbnail hentry\">\n                <a href=\"https:\/\/lemontaigu.com\/en\/chambres\/chambre-triple-superieure-balcon\/\" class=\"room-card__image-link\">\n                    <img decoding=\"async\" width=\"768\" height=\"512\" data-src=\"https:\/\/lemontaigu.com\/wp-content\/smush-webp\/2026\/03\/room-triple-superior-balcony-768x512.jpg.webp\" class=\"attachment-medium_large size-medium_large wp-post-image lazyload\" alt=\"Chambre triple sup\u00e9rieure avec balcon\" data-srcset=\"https:\/\/lemontaigu.com\/wp-content\/smush-webp\/2026\/03\/room-triple-superior-balcony-768x512.jpg.webp 768w, https:\/\/lemontaigu.com\/wp-content\/smush-webp\/2026\/03\/room-triple-superior-balcony-300x200.jpg.webp 300w, https:\/\/lemontaigu.com\/wp-content\/smush-webp\/2026\/03\/room-triple-superior-balcony-1024x683.jpg.webp 1024w, https:\/\/lemontaigu.com\/wp-content\/smush-webp\/2026\/03\/room-triple-superior-balcony-200x133.jpg.webp 200w, https:\/\/lemontaigu.com\/wp-content\/smush-webp\/2026\/03\/room-triple-superior-balcony-1536x1024.jpg.webp 1536w, https:\/\/lemontaigu.com\/wp-content\/smush-webp\/2026\/03\/room-triple-superior-balcony-scaled.jpg.webp 2048w, https:\/\/lemontaigu.com\/wp-content\/smush-webp\/2026\/03\/room-triple-superior-balcony-18x12.jpg.webp 18w\" data-sizes=\"auto\" src=\"data:image\/svg+xml;base64,PHN2ZyB3aWR0aD0iMSIgaGVpZ2h0PSIxIiB4bWxucz0iaHR0cDovL3d3dy53My5vcmcvMjAwMC9zdmciPjwvc3ZnPg==\" style=\"--smush-placeholder-width: 768px; --smush-placeholder-aspect-ratio: 768\/512;\" data-original-sizes=\"auto, (max-width: 768px) 100vw, 768px\" data-smush-webp-fallback=\"{&quot;data-src&quot;:&quot;https:\\\/\\\/lemontaigu.com\\\/wp-content\\\/uploads\\\/2026\\\/03\\\/room-triple-superior-balcony-768x512.jpg&quot;,&quot;data-srcset&quot;:&quot;https:\\\/\\\/lemontaigu.com\\\/wp-content\\\/uploads\\\/2026\\\/03\\\/room-triple-superior-balcony-768x512.jpg 768w, https:\\\/\\\/lemontaigu.com\\\/wp-content\\\/uploads\\\/2026\\\/03\\\/room-triple-superior-balcony-300x200.jpg 300w, https:\\\/\\\/lemontaigu.com\\\/wp-content\\\/uploads\\\/2026\\\/03\\\/room-triple-superior-balcony-1024x683.jpg 1024w, https:\\\/\\\/lemontaigu.com\\\/wp-content\\\/uploads\\\/2026\\\/03\\\/room-triple-superior-balcony-200x133.jpg 200w, https:\\\/\\\/lemontaigu.com\\\/wp-content\\\/uploads\\\/2026\\\/03\\\/room-triple-superior-balcony-1536x1024.jpg 1536w, https:\\\/\\\/lemontaigu.com\\\/wp-content\\\/uploads\\\/2026\\\/03\\\/room-triple-superior-balcony-scaled.jpg 2048w, https:\\\/\\\/lemontaigu.com\\\/wp-content\\\/uploads\\\/2026\\\/03\\\/room-triple-superior-balcony-18x12.jpg 18w&quot;}\" \/>                <\/a>\n                <div class=\"room-card__body\">\n                    <h2 class=\"room-card__title\">\n                        <a href=\"https:\/\/lemontaigu.com\/en\/chambres\/chambre-triple-superieure-balcon\/\">Superior Triple Room with Balcony<\/a>\n                    <\/h2>\n                                            <p class=\"room-card__price\">From \u20ac110\/night<\/p>\n                                        <a href=\"#\" class=\"ibe hotel-btn-primary\" data-widget=\"overlay\"\n                       aria-label=\"R\u00e9server la chambre : Chambre Triple Sup\u00e9rieure avec Balcon\">\n                        Book Now                    <\/a>\n                <\/div>\n            <\/article>\n                    <article id=\"post-826\" class=\"room-card post-826 hotel_room type-hotel_room status-publish has-post-thumbnail hentry\">\n                <a href=\"https:\/\/lemontaigu.com\/en\/chambres\/chambre-triple-standard\/\" class=\"room-card__image-link\">\n                    <img decoding=\"async\" width=\"768\" height=\"512\" data-src=\"https:\/\/lemontaigu.com\/wp-content\/uploads\/2026\/03\/room-triple-standard-768x512.jpg\" class=\"attachment-medium_large size-medium_large wp-post-image lazyload\" alt=\"Chambre triple standard spacieuse avec trois lits\" data-srcset=\"https:\/\/lemontaigu.com\/wp-content\/uploads\/2026\/03\/room-triple-standard-768x512.jpg 768w, https:\/\/lemontaigu.com\/wp-content\/uploads\/2026\/03\/room-triple-standard-300x200.jpg 300w, https:\/\/lemontaigu.com\/wp-content\/uploads\/2026\/03\/room-triple-standard-1024x683.jpg 1024w, https:\/\/lemontaigu.com\/wp-content\/uploads\/2026\/03\/room-triple-standard-200x133.jpg 200w, https:\/\/lemontaigu.com\/wp-content\/uploads\/2026\/03\/room-triple-standard-1536x1024.jpg 1536w, https:\/\/lemontaigu.com\/wp-content\/uploads\/2026\/03\/room-triple-standard-18x12.jpg 18w, https:\/\/lemontaigu.com\/wp-content\/uploads\/2026\/03\/room-triple-standard.jpg 1920w\" data-sizes=\"auto\" src=\"data:image\/svg+xml;base64,PHN2ZyB3aWR0aD0iMSIgaGVpZ2h0PSIxIiB4bWxucz0iaHR0cDovL3d3dy53My5vcmcvMjAwMC9zdmciPjwvc3ZnPg==\" style=\"--smush-placeholder-width: 768px; --smush-placeholder-aspect-ratio: 768\/512;\" data-original-sizes=\"auto, (max-width: 768px) 100vw, 768px\" \/>                <\/a>\n                <div class=\"room-card__body\">\n                    <h2 class=\"room-card__title\">\n                        <a href=\"https:\/\/lemontaigu.com\/en\/chambres\/chambre-triple-standard\/\">Standard Triple Room<\/a>\n                    <\/h2>\n                                            <p class=\"room-card__price\">From \u20ac90\/night<\/p>\n                                        <a href=\"#\" class=\"ibe hotel-btn-primary\" data-widget=\"overlay\"\n                       aria-label=\"R\u00e9server la chambre : Chambre Triple Standard\">\n                        Book Now                    <\/a>\n                <\/div>\n            <\/article>\n                    <article id=\"post-84\" class=\"room-card post-84 hotel_room type-hotel_room status-publish has-post-thumbnail hentry\">\n                <a href=\"https:\/\/lemontaigu.com\/en\/chambres\/chambre-familiale\/\" class=\"room-card__image-link\">\n                    <img decoding=\"async\" width=\"768\" height=\"512\" data-src=\"https:\/\/lemontaigu.com\/wp-content\/uploads\/2026\/03\/room-family_6240x4160-03-768x512.jpg\" class=\"attachment-medium_large size-medium_large wp-post-image lazyload\" alt=\"\" data-srcset=\"https:\/\/lemontaigu.com\/wp-content\/uploads\/2026\/03\/room-family_6240x4160-03-768x512.jpg 768w, https:\/\/lemontaigu.com\/wp-content\/uploads\/2026\/03\/room-family_6240x4160-03-300x200.jpg 300w, https:\/\/lemontaigu.com\/wp-content\/uploads\/2026\/03\/room-family_6240x4160-03-1024x683.jpg 1024w, https:\/\/lemontaigu.com\/wp-content\/uploads\/2026\/03\/room-family_6240x4160-03-200x133.jpg 200w, https:\/\/lemontaigu.com\/wp-content\/uploads\/2026\/03\/room-family_6240x4160-03-1536x1024.jpg 1536w, https:\/\/lemontaigu.com\/wp-content\/uploads\/2026\/03\/room-family_6240x4160-03-scaled.jpg 2048w, https:\/\/lemontaigu.com\/wp-content\/uploads\/2026\/03\/room-family_6240x4160-03-18x12.jpg 18w\" data-sizes=\"auto\" src=\"data:image\/svg+xml;base64,PHN2ZyB3aWR0aD0iMSIgaGVpZ2h0PSIxIiB4bWxucz0iaHR0cDovL3d3dy53My5vcmcvMjAwMC9zdmciPjwvc3ZnPg==\" style=\"--smush-placeholder-width: 768px; --smush-placeholder-aspect-ratio: 768\/512;\" data-original-sizes=\"auto, (max-width: 768px) 100vw, 768px\" \/>                <\/a>\n                <div class=\"room-card__body\">\n                    <h2 class=\"room-card__title\">\n                        <a href=\"https:\/\/lemontaigu.com\/en\/chambres\/chambre-familiale\/\">Family Room<\/a>\n                    <\/h2>\n                                            <p class=\"room-card__price\">From \u20ac110\/night<\/p>\n                                        <a href=\"#\" class=\"ibe hotel-btn-primary\" data-widget=\"overlay\"\n                       aria-label=\"R\u00e9server la chambre : Chambre Familiale\">\n                        Book Now                    <\/a>\n                <\/div>\n            <\/article>\n            <\/div>\n    <\/div>\n\t\t\t\t\t\t<\/div>\n\t\t\t\t\t<\/div>\n\t\t\t\t<\/div>\n\t\t\t\t<\/div>","protected":false},"excerpt":{"rendered":"<p>Nos Chambres<\/p>","protected":false},"author":1,"featured_media":0,"parent":0,"menu_order":0,"comment_status":"closed","ping_status":"closed","template":"","meta":{"_acf_changed":false,"footnotes":""},"class_list":["post-3167","page","type-page","status-publish","hentry"],"acf":[],"yoast_head":"<!-- This site is optimized with the Yoast SEO plugin v27.4 - https:\/\/yoast.com\/product\/yoast-seo-wordpress\/ -->\n<title>Nos Chambres \u2014 H\u00f4tel Le Montaigu, Luz-Saint-Sauveur<\/title>\n<meta name=\"description\" content=\"D\u00e9couvrez nos chambres \u00e0 l&#039;H\u00f4tel Le Montaigu, Luz-Saint-Sauveur. Vue sur les Pyr\u00e9n\u00e9es, confort moderne. 42 chambres disponibles. R\u00e9servez en direct au meilleur tarif.\" \/>\n<meta name=\"robots\" content=\"index, follow, max-snippet:-1, max-image-preview:large, max-video-preview:-1\" \/>\n<link rel=\"canonical\" href=\"https:\/\/lemontaigu.com\/en\/rooms\/\" \/>\n<meta property=\"og:locale\" content=\"en_US\" \/>\n<meta property=\"og:type\" content=\"article\" \/>\n<meta property=\"og:title\" content=\"Nos Chambres \u2014 H\u00f4tel Le Montaigu, Luz-Saint-Sauveur\" \/>\n<meta property=\"og:description\" content=\"D\u00e9couvrez nos chambres \u00e0 l&#039;H\u00f4tel Le Montaigu, Luz-Saint-Sauveur. Vue sur les Pyr\u00e9n\u00e9es, confort moderne. 42 chambres disponibles. R\u00e9servez en direct au meilleur tarif.\" \/>\n<meta property=\"og:url\" content=\"https:\/\/lemontaigu.com\/en\/rooms\/\" \/>\n<meta property=\"og:site_name\" content=\"Le Montaigu Hotel*** Restaurant Bar\" \/>\n<meta property=\"article:publisher\" content=\"https:\/\/www.facebook.com\/hotelmontaigu\" \/>\n<meta property=\"article:modified_time\" content=\"2026-04-28T20:50:34+00:00\" \/>\n<meta property=\"og:image\" content=\"https:\/\/lemontaigu.com\/wp-content\/uploads\/2026\/04\/room-balcony-mountain-view_5988x3669-1-scaled-e1777409404636.jpg\" \/>\n\t<meta property=\"og:image:width\" content=\"1028\" \/>\n\t<meta property=\"og:image:height\" content=\"630\" \/>\n\t<meta property=\"og:image:type\" content=\"image\/jpeg\" \/>\n<meta name=\"twitter:card\" content=\"summary_large_image\" \/>\n<meta name=\"twitter:label1\" content=\"Est. reading time\" \/>\n\t<meta name=\"twitter:data1\" content=\"2 minutes\" \/>\n<script type=\"application\/ld+json\" class=\"yoast-schema-graph\">{\"@context\":\"https:\\\/\\\/schema.org\",\"@graph\":[{\"@type\":\"WebPage\",\"@id\":\"https:\\\/\\\/lemontaigu.com\\\/chambres\\\/\",\"url\":\"https:\\\/\\\/lemontaigu.com\\\/chambres\\\/\",\"name\":\"Nos Chambres \u2014 H\u00f4tel Le Montaigu, Luz-Saint-Sauveur\",\"isPartOf\":{\"@id\":\"https:\\\/\\\/lemontaigu.com\\\/#website\"},\"datePublished\":\"2026-04-23T19:11:36+00:00\",\"dateModified\":\"2026-04-28T20:50:34+00:00\",\"description\":\"D\u00e9couvrez nos chambres \u00e0 l'H\u00f4tel Le Montaigu, Luz-Saint-Sauveur. Vue sur les Pyr\u00e9n\u00e9es, confort moderne. 42 chambres disponibles. R\u00e9servez en direct au meilleur tarif.\",\"breadcrumb\":{\"@id\":\"https:\\\/\\\/lemontaigu.com\\\/chambres\\\/#breadcrumb\"},\"inLanguage\":\"en-US\",\"potentialAction\":[{\"@type\":\"ReadAction\",\"target\":[\"https:\\\/\\\/lemontaigu.com\\\/chambres\\\/\"]}]},{\"@type\":\"BreadcrumbList\",\"@id\":\"https:\\\/\\\/lemontaigu.com\\\/chambres\\\/#breadcrumb\",\"itemListElement\":[{\"@type\":\"ListItem\",\"position\":1,\"name\":\"Home\",\"item\":\"https:\\\/\\\/lemontaigu.com\\\/\"},{\"@type\":\"ListItem\",\"position\":2,\"name\":\"Chambres\"}]},{\"@type\":\"WebSite\",\"@id\":\"https:\\\/\\\/lemontaigu.com\\\/#website\",\"url\":\"https:\\\/\\\/lemontaigu.com\\\/\",\"name\":\"Le Montaigu H\u00f4tel Restaurant Bar\",\"description\":\"\",\"publisher\":{\"@id\":\"https:\\\/\\\/lemontaigu.com\\\/#organization\"},\"potentialAction\":[{\"@type\":\"SearchAction\",\"target\":{\"@type\":\"EntryPoint\",\"urlTemplate\":\"https:\\\/\\\/lemontaigu.com\\\/?s={search_term_string}\"},\"query-input\":{\"@type\":\"PropertyValueSpecification\",\"valueRequired\":true,\"valueName\":\"search_term_string\"}}],\"inLanguage\":\"en-US\"},{\"@type\":\"Organization\",\"@id\":\"https:\\\/\\\/lemontaigu.com\\\/#organization\",\"name\":\"LE MONTAIGU HOTELS ET RESORTS\",\"url\":\"https:\\\/\\\/lemontaigu.com\\\/\",\"logo\":{\"@type\":\"ImageObject\",\"inLanguage\":\"en-US\",\"@id\":\"https:\\\/\\\/lemontaigu.com\\\/#\\\/schema\\\/logo\\\/image\\\/\",\"url\":\"https:\\\/\\\/lemontaigu.com\\\/wp-content\\\/uploads\\\/2026\\\/04\\\/logo-1.png\",\"contentUrl\":\"https:\\\/\\\/lemontaigu.com\\\/wp-content\\\/uploads\\\/2026\\\/04\\\/logo-1.png\",\"width\":398,\"height\":192,\"caption\":\"LE MONTAIGU HOTELS ET RESORTS\"},\"image\":{\"@id\":\"https:\\\/\\\/lemontaigu.com\\\/#\\\/schema\\\/logo\\\/image\\\/\"},\"sameAs\":[\"https:\\\/\\\/www.facebook.com\\\/hotelmontaigu\"]}]}<\/script>\n<!-- \/ Yoast SEO plugin. -->","yoast_head_json":{"title":"Nos Chambres \u2014 H\u00f4tel Le Montaigu, Luz-Saint-Sauveur","description":"D\u00e9couvrez nos chambres \u00e0 l'H\u00f4tel Le Montaigu, Luz-Saint-Sauveur. Vue sur les Pyr\u00e9n\u00e9es, confort moderne. 42 chambres disponibles. R\u00e9servez en direct au meilleur tarif.","robots":{"index":"index","follow":"follow","max-snippet":"max-snippet:-1","max-image-preview":"max-image-preview:large","max-video-preview":"max-video-preview:-1"},"canonical":"https:\/\/lemontaigu.com\/en\/rooms\/","og_locale":"en_US","og_type":"article","og_title":"Nos Chambres \u2014 H\u00f4tel Le Montaigu, Luz-Saint-Sauveur","og_description":"D\u00e9couvrez nos chambres \u00e0 l'H\u00f4tel Le Montaigu, Luz-Saint-Sauveur. Vue sur les Pyr\u00e9n\u00e9es, confort moderne. 42 chambres disponibles. R\u00e9servez en direct au meilleur tarif.","og_url":"https:\/\/lemontaigu.com\/en\/rooms\/","og_site_name":"Le Montaigu Hotel*** Restaurant Bar","article_publisher":"https:\/\/www.facebook.com\/hotelmontaigu","article_modified_time":"2026-04-28T20:50:34+00:00","og_image":[{"width":1028,"height":630,"url":"https:\/\/lemontaigu.com\/wp-content\/uploads\/2026\/04\/room-balcony-mountain-view_5988x3669-1-scaled-e1777409404636.jpg","type":"image\/jpeg"}],"twitter_card":"summary_large_image","twitter_misc":{"Est. reading time":"2 minutes"},"schema":{"@context":"https:\/\/schema.org","@graph":[{"@type":"WebPage","@id":"https:\/\/lemontaigu.com\/chambres\/","url":"https:\/\/lemontaigu.com\/chambres\/","name":"Nos Chambres \u2014 H\u00f4tel Le Montaigu, Luz-Saint-Sauveur","isPartOf":{"@id":"https:\/\/lemontaigu.com\/#website"},"datePublished":"2026-04-23T19:11:36+00:00","dateModified":"2026-04-28T20:50:34+00:00","description":"D\u00e9couvrez nos chambres \u00e0 l'H\u00f4tel Le Montaigu, Luz-Saint-Sauveur. Vue sur les Pyr\u00e9n\u00e9es, confort moderne. 42 chambres disponibles. R\u00e9servez en direct au meilleur tarif.","breadcrumb":{"@id":"https:\/\/lemontaigu.com\/chambres\/#breadcrumb"},"inLanguage":"en-US","potentialAction":[{"@type":"ReadAction","target":["https:\/\/lemontaigu.com\/chambres\/"]}]},{"@type":"BreadcrumbList","@id":"https:\/\/lemontaigu.com\/chambres\/#breadcrumb","itemListElement":[{"@type":"ListItem","position":1,"name":"Home","item":"https:\/\/lemontaigu.com\/"},{"@type":"ListItem","position":2,"name":"Chambres"}]},{"@type":"WebSite","@id":"https:\/\/lemontaigu.com\/#website","url":"https:\/\/lemontaigu.com\/","name":"Le Montaigu H\u00f4tel Restaurant Bar","description":"","publisher":{"@id":"https:\/\/lemontaigu.com\/#organization"},"potentialAction":[{"@type":"SearchAction","target":{"@type":"EntryPoint","urlTemplate":"https:\/\/lemontaigu.com\/?s={search_term_string}"},"query-input":{"@type":"PropertyValueSpecification","valueRequired":true,"valueName":"search_term_string"}}],"inLanguage":"en-US"},{"@type":"Organization","@id":"https:\/\/lemontaigu.com\/#organization","name":"LE MONTAIGU HOTELS ET RESORTS","url":"https:\/\/lemontaigu.com\/","logo":{"@type":"ImageObject","inLanguage":"en-US","@id":"https:\/\/lemontaigu.com\/#\/schema\/logo\/image\/","url":"https:\/\/lemontaigu.com\/wp-content\/uploads\/2026\/04\/logo-1.png","contentUrl":"https:\/\/lemontaigu.com\/wp-content\/uploads\/2026\/04\/logo-1.png","width":398,"height":192,"caption":"LE MONTAIGU HOTELS ET RESORTS"},"image":{"@id":"https:\/\/lemontaigu.com\/#\/schema\/logo\/image\/"},"sameAs":["https:\/\/www.facebook.com\/hotelmontaigu"]}]}},"_links":{"self":[{"href":"https:\/\/lemontaigu.com\/en\/wp-json\/wp\/v2\/pages\/3167","targetHints":{"allow":["GET"]}}],"collection":[{"href":"https:\/\/lemontaigu.com\/en\/wp-json\/wp\/v2\/pages"}],"about":[{"href":"https:\/\/lemontaigu.com\/en\/wp-json\/wp\/v2\/types\/page"}],"author":[{"embeddable":true,"href":"https:\/\/lemontaigu.com\/en\/wp-json\/wp\/v2\/users\/1"}],"replies":[{"embeddable":true,"href":"https:\/\/lemontaigu.com\/en\/wp-json\/wp\/v2\/comments?post=3167"}],"version-history":[{"count":0,"href":"https:\/\/lemontaigu.com\/en\/wp-json\/wp\/v2\/pages\/3167\/revisions"}],"wp:attachment":[{"href":"https:\/\/lemontaigu.com\/en\/wp-json\/wp\/v2\/media?parent=3167"}],"curies":[{"name":"wp","href":"https:\/\/api.w.org\/{rel}","templated":true}]}}